{"id":81858,"date":"2024-08-10T10:27:09","date_gmt":"2024-08-10T10:27:09","guid":{"rendered":"https:\/\/restaurant-genepy.ch\/mentions-legales\/"},"modified":"2025-05-20T14:59:27","modified_gmt":"2025-05-20T14:59:27","slug":"mentions-legales","status":"publish","type":"page","link":"https:\/\/restaurant-genepy.ch\/fr\/mentions-legales\/","title":{"rendered":"Mentions l\u00e9gales"},"content":{"rendered":"<p>[et_pb_section fb_built=\u00a0\u00bb1&Prime; _builder_version=\u00a0\u00bb4.25.2&Prime; _module_preset=\u00a0\u00bbdefault\u00a0\u00bb global_colors_info=\u00a0\u00bb{}\u00a0\u00bb][et_pb_row _builder_version=\u00a0\u00bb4.25.2&Prime; _module_preset=\u00a0\u00bbdefault\u00a0\u00bb global_colors_info=\u00a0\u00bb{}\u00a0\u00bb][et_pb_column type=\u00a0\u00bb4_4&Prime; _builder_version=\u00a0\u00bb4.25.2&Prime; _module_preset=\u00a0\u00bbdefault\u00a0\u00bb hover_enabled=\u00a0\u00bb0&Prime; global_colors_info=\u00a0\u00bb{}\u00a0\u00bb sticky_enabled=\u00a0\u00bb0&Prime;][et_pb_text _builder_version=\u00a0\u00bb4.27.4&Prime; _module_preset=\u00a0\u00bbdefault\u00a0\u00bb text_font=\u00a0\u00bb&#8211;et_global_body_font|300|||||||\u00a0\u00bb text_font_size=\u00a0\u00bb18px\u00a0\u00bb hover_enabled=\u00a0\u00bb0&Prime; global_colors_info=\u00a0\u00bb{}\u00a0\u00bb sticky_enabled=\u00a0\u00bb0&Prime;]<\/p>\n<h1>Mentions l\u00e9gales<\/h1>\n<p>&nbsp;<\/p>\n<p>Famille Palazzo<br \/>H\u00f4tel Hemizeus &amp; Iremia Spa<br \/>Untere Tuftra 11<br \/>3920 Zermatt<\/p>\n<p><strong>Contact<\/strong><br \/>T\u00e9l\u00e9phone : +41 (0) 27 966 21 11<br \/>E-mail : info@hemizeus.ch<\/p>\n<p><strong>Num\u00e9ro de TVA<\/strong><br \/>CHE-102.518.165<\/p>\n<p><strong>Responsable de la r\u00e9daction<\/strong><br \/>Ruggero Palazzo<\/p>\n<p>[\/et_pb_text][\/et_pb_column][\/et_pb_row][\/et_pb_section]<\/p>\n","protected":false},"excerpt":{"rendered":"<p>Mentions l\u00e9gales &nbsp; Famille PalazzoH\u00f4tel Hemizeus &amp; Iremia SpaUntere Tuftra 113920 Zermatt ContactT\u00e9l\u00e9phone : +41 (0) 27 966 21 11E-mail : info@hemizeus.ch Num\u00e9ro de TVACHE-102.518.165 Responsable de la r\u00e9dactionRuggero Palazzo<\/p>\n","protected":false},"author":1,"featured_media":0,"parent":0,"menu_order":0,"comment_status":"closed","ping_status":"closed","template":"","meta":{"_et_pb_use_builder":"on","_et_pb_old_content":"","_et_gb_content_width":"","om_disable_all_campaigns":false,"footnotes":""},"class_list":["post-81858","page","type-page","status-publish","hentry"],"_links":{"self":[{"href":"https:\/\/restaurant-genepy.ch\/fr\/wp-json\/wp\/v2\/pages\/81858","targetHints":{"allow":["GET"]}}],"collection":[{"href":"https:\/\/restaurant-genepy.ch\/fr\/wp-json\/wp\/v2\/pages"}],"about":[{"href":"https:\/\/restaurant-genepy.ch\/fr\/wp-json\/wp\/v2\/types\/page"}],"author":[{"embeddable":true,"href":"https:\/\/restaurant-genepy.ch\/fr\/wp-json\/wp\/v2\/users\/1"}],"replies":[{"embeddable":true,"href":"https:\/\/restaurant-genepy.ch\/fr\/wp-json\/wp\/v2\/comments?post=81858"}],"version-history":[{"count":11,"href":"https:\/\/restaurant-genepy.ch\/fr\/wp-json\/wp\/v2\/pages\/81858\/revisions"}],"predecessor-version":[{"id":82532,"href":"https:\/\/restaurant-genepy.ch\/fr\/wp-json\/wp\/v2\/pages\/81858\/revisions\/82532"}],"wp:attachment":[{"href":"https:\/\/restaurant-genepy.ch\/fr\/wp-json\/wp\/v2\/media?parent=81858"}],"curies":[{"name":"wp","href":"https:\/\/api.w.org\/{rel}","templated":true}]}}